{"id":609,"date":"2020-12-18T18:50:06","date_gmt":"2020-12-18T18:50:06","guid":{"rendered":"http:\/\/ventilatorul.ro\/?page_id=609"},"modified":"2021-03-08T11:04:28","modified_gmt":"2021-03-08T11:04:28","slug":"politica-cookies","status":"publish","type":"page","link":"https:\/\/ventilatorul.ro\/en\/politica-cookies\/","title":{"rendered":"Cookie policy"},"content":{"rendered":"<p>From the entry into force of European Regulatio 2016\/679 on the protection and processing of personal data and the free movement of such data (GDPR), website visitors have the right to be specifically and up-to-date informed of all data that is collected about them, the purpose of the collection as well as about where and to whom this data is transmitted.<\/p>\n\n\n\n<p>Site-urile web apar\u021bin\u00e2nd Societa\u021bii Ventilatorul 1932 SA folosesc cookie-uri pentru a furniza vizitatorilor o experien\u021b\u0103 mult mai bun\u0103 de navigare \u0219i servicii adaptate nevoilor \u0219i interesului fiec\u0103ruia. &#8222;Cookie&#8221;-urile au rolul de a facilita accesul \u0219i livrarea serviciilor folosite de utilizatorii de Internet, precum personalizarea anumitor set\u0103ri (limba, \u021bara, pre\u021buri afi\u0219ate \u00een moneda na\u021bional\u0103). &#8222;Cookie&#8221;-urile, pe baza informa\u021biilor pe care le adun\u0103 despre utilizatori, \u00eei ajut\u0103 pe de\u021bin\u0103torii de site-uri s\u0103 \u00ee\u0219i eficientizeze produsul astfel \u00eenc\u00e2t acesta s\u0103 fie c\u00e2t mai u\u0219or accesat de c\u0103tre utilizatori \u0219i de asemenea, cresc gradul de eficien\u021b\u0103 a publicit\u0103\u021bii online.<\/p>\n\n\n\n<p>The new rules imposed by GDPR also have a direct impact on our cookie policy, which we update on this occasion.<\/p>\n\n\n\n<p>Through this policy we intend to inform you about:<\/p>\n\n\n\n<p>\u2022 What type of cookies exist on our sites;<\/p>\n\n\n\n<p>\u2022 As long as they persist in visitors\u2019 browsers;<\/p>\n\n\n\n<p>\u2022 What data do these cookies track;<\/p>\n\n\n\n<p>\u2022\tWhat is the final purpose of these cookies (functionality, preferences, statistics, marketing, etc)<\/p>\n\n\n\n<p>\u2022 Where the data is sent and with whom it is shared;<\/p>\n\n\n\n<p>\u2022 How to refuse the use of cookies and how to subsequently change browser settings related to cookies.<\/p>\n\n\n\n<p>The GDPR regulation allows the storage of cookies on your equipment if they are strictly necessary for the proper functioning of the website. This website uses different types of cookies. Certain cookies are installed by third parties. You may change or withdraw your consent to the Cookie Policy at any time.<\/p>\n\n\n\n<p>You can learn more about how we process your personal data and how you can contact us in the Privacy Policy.<\/p>\n\n\n\n<p>The policy refers to cookies and the web page operated by VENTILATORUL 1932 SA, personal data operator, headquartered in Bucharest, bd. Carol I, no. 54, room 4, 2nd district (hereinafter referred to as the Company).<\/p>\n\n\n\n<p><strong>1. Definition. Overview<\/strong><\/p>\n\n\n\n<p>We use the term \u201ccookie\u201d to refer to cookies and similar technologies through which information can be collected automatically.<\/p>\n\n\n\n<p>A cookie is a small file, consisting of letters and numbers, that will be stored on a computer, mobile terminal or other equipment of a user through which the Internet is accessed.<\/p>\n\n\n\n<p>Cookies are installed by request from a web server to a browser (Internet Explorer, Firefox, chrome, etc).<\/p>\n\n\n\n<p>Once installed, cookies have a determined lifespan, remaining \u201cpassive\u201d, in the sense that they do not contain software, viruses or spyware and will not access the information on the IT equipment on which they were installed.<\/p>\n\n\n\n<p>A cookie consists of two parts: the name of the cookie and the content or value of the cookie.<\/p>\n\n\n\n<p>From a technical point of view, only the web server that sent the cookie can access it again when a user returns to the web page associated with that web server.<\/p>\n\n\n\n<p><strong>2. Field of use<br><\/strong>These files make it possible to recognize the user\u2019s terminal and present the content in a relevant way, adapted to the user\u2019s preferences. Cookies provide users with a pleasant browsing experience and support VENTILATORUL 1932\u2019s efforts to provide comfortable services to users:<\/p>\n\n\n\n<p>\u2022 Preferences for relevant destinations or advertising;<\/p>\n\n\n\n<p>- Are also used in the preparation of aggregated anonymous statistics that help us understand how a user benefits from our web pages, allowing us to improve their structure and content, excluding the user\u2019s personal identification;<\/p>\n\n\n\n<p>\u2022\tCookies are used to provide users a website with a better browsing experience and services tailored to the needs and interests of each user, namely for improving the use of that website, including the identification of any errors that occur during its visit\/use by users;<\/p>\n\n\n\n<p>\u2022 The anticipation of possible goods that will be made available to users in the future through this website, depending on the services\/products accessed.<\/p>\n\n\n\n<p>Bases on the feedback sent by cookies about how this website is used, the administrator can take steps to make this website more efficient and accessible to users.<\/p>\n\n\n\n<p>Thus, the use of cookies allows the storage of certain settings\/preferences set by users, such as:<\/p>\n\n\n\n<p>\u2022\tThe language in which a website is viewed;<\/p>\n\n\n\n<p>\u2022\tThe currency in which certain prices or tariffs are expressed;<\/p>\n\n\n\n<p>\u2022\tFacilitating access to users\u2019 accounts;<\/p>\n\n\n\n<p>\u2022\tPosting comments on the site;<\/p>\n\n\n\n<p>\u2022\tKeeping lists of favorite products;<\/p>\n\n\n\n<p>\u2022\tKeeping abandoned baskets<\/p>\n\n\n\n<p><strong>3. Cookies used<br><\/strong>We use cookies per session. These are temporary files that remain in the user\u2019s terminal until the end of the session or closing the application (web browser).<\/p>\n\n\n\n<p>The following cookies can be places by using\/visiting the website.<\/p>\n\n\n\n<p><em>Website performance cookies <\/em><em><\/em><\/p>\n\n\n\n<p>\u2022 This type of cookie stores the user\u2019s preferences for this website, so that resetting the preferences in the event of a subsequent visit to the website is no longer necessary.<\/p>\n\n\n\n<p><em>User analysis cookies<\/em><\/p>\n\n\n\n<p>- These cookies inform us if a certain user of the website has visited\/used this website before. These cookies are used for statistical purposes only.<\/p>\n\n\n\n<p><em>Geotargetting cookies<\/em> \u2022 These cookies are used by a software that determines the country of origin of the website\u2019s user.<\/p>\n\n\n\n<p>Registration cookies<\/p>\n\n\n\n<p>\u2022 When you register on this site, are generated cookies that store this process. The servers use these cookies to show us the account with which you are registered. Also, the use of these cookies allows us to associate any comment posted on the website with the username of the account used. Usually, these cookies will be deleted automatically at the end of the browsing session.<\/p>\n\n\n\n<p><em>Advertising cookies<\/em><em><\/em><\/p>\n\n\n\n<p><em>Advertising providers of cookies<\/em><em><\/em><\/p>\n\n\n\n<p><strong>4. Cookies vs. personal data<\/strong><strong><\/strong><\/p>\n\n\n\n<p>Cookies themselves do not require personal information or data in order to be used and, in most cases, do not personally identify internet users. Personal data collected through the use of Cookies may only be collected to facilitate certain functionalities for the user. Such data is encrypted in a way that makes it impossible for unauthorized persons to access it.<\/p>\n\n\n\n<p>Cookies store information in a small text file that allows browser recognition.&nbsp;<\/p>\n\n\n\n<p>This website recognizes the browser until cookies expire or are deleted.<\/p>\n\n\n\n<p class=\" translation-block\">5. Cookies purpose and how to use them<\/p>\n\n\n\n<p>The Company\u2019s site installs cookies only to allow the improvement of the offered functions, so that the experience occasioned by visiting the site becomes more pleasant. Our company does not use cookies to collect, process, disseminate or record personal data.<\/p>\n\n\n\n<p>The Company\u2019s website mainly uses original cookies. They are installed and controlled by the Company, not by external organizations.<\/p>\n\n\n\n<p>However, in order to view certain pages, you will also need to accept cookies from external organizations.<\/p>\n\n\n\n<p>We use 3 types of original cookies to:<\/p>\n\n\n\n<p>\u2022\tStore visitor preferences<\/p>\n\n\n\n<p>\u2022\tEnsure the good operation on the sites<\/p>\n\n\n\n<p>\u2022\tCollect analytical data (about user behavior)<\/p>\n\n\n\n<p>Visitor preferences<\/p>\n\n\n\n<p>These cookies are places by us (through the Company\u2019s IT System Administrator) and only we can read them. They note:<\/p>\n\n\n\n<p>\u2022\tIf you accepted\/refused this site\u2019s cookie policy<\/p>\n\n\n\n<p>\u2022\tIf you have already answered the pop-up questionnaire (about how useful the site was for you), so that it will not be displayed to you in the future.<\/p>\n\n\n\n<ol type=\"a\"><li><strong><em>Operational cookies<\/em><\/strong><strong><em><\/em><\/strong><\/li><\/ol>\n\n\n\n<p>These are some cookie that we need to include in order to make web pages to work. For this reason, they do not require your consent. This is about:<\/p>\n\n\n\n<p>-\tAuthentication cookies<\/p>\n\n\n\n<p>-\tTechnical cookies required for certain computer systems<\/p>\n\n\n\n<ul><li><strong><em>\u2022\tAuthentication cookies<\/em><\/strong><strong><em><\/em><\/strong><\/li><\/ul>\n\n\n\n<p>These are stored when you connect to a Commission site using our authentication service. By doing so, you accept the associated privacy policy.<\/p>\n\n\n\n<ul><li><strong><em>Analytical cookies<\/em><\/strong><strong><em><\/em><\/strong><\/li><\/ul>\n\n\n\n<p>We use these cookies exclusively for internal research, in order to improve the service we offer to all our users.<\/p>\n\n\n\n<p>They evaluate how you interact with our site as an anonymous user (the data collected does not personally identify you).<\/p>\n\n\n\n<p>Also, this data is not shared with any third party and is not used for other purposes. Anonymous statistics can be shared with contractors working on communication projects, under the terms of a contractual agreement with the Company.<\/p>\n\n\n\n<p>You are free to refuse this type of cookie \u2013 on the first page you visit, through the banner dedicated to cookies.<\/p>\n\n\n\n<p><strong>6.\tBrowser settings for Cookies, Deleting Cookies<\/strong> , <strong>\u0218tergerea Cookie-urilor<\/strong><strong><\/strong><\/p>\n\n\n\n<p>Disabling and refusing to receive cookies can make this website difficult to visit, leading to limitations in its use.<br>If the use of cookies is not annoying and the computer or technical equipment used to browse this website is used by only one person, long deadlines may be set for storing your browsing history.<\/p>\n\n\n\n<p>If the computer or the technical equipment used to browse this website is used by more than one person, the setting for deleting individual browsing data each time the browser is closed may be considered.<br>All modern browsers offer the ability to change cookie settings. These settings can be accessed, as a rule, in the \u201coption\u201d section or in the \u201cpreferences\u201d menu of your browser.<strong><br><\/strong>In general, an application used to access web pages allows you to save cookies on the terminal by default. These settings can be changed so that the automatic administration of Cookies is blocked by the web browser or the user is informed every time Cookies are sent to this terminal. Detailed information on the possibilities and ways of managing cookies can be found in the settings area of the application (web browser). Restricting the use of cookies may affect certain functionalities of the website.<\/p>\n\n\n\n<p><strong>7. Duration of cookie\u2019s usage<\/strong><strong><\/strong><\/p>\n\n\n\n<p>The lifetime of a cookie can vary significantly, depending on the purpose for which it is placed.<\/p>\n\n\n\n<p>There are the following categories of cookies that also determine their lifespan:<\/p>\n\n\n\n<p>Session cookie \u2013 a cookie that is automatically deleted when the user closes their browser.<\/p>\n\n\n\n<p>Persistent or fixed cookie \u2013 a cookie that remains stored in the user\u2019s terminal until it reaches a certain expiration date (which may be in a few minutes, days or several years in the future) or until it is deleted by the user at any time through browser settings.<\/p>\n\n\n\n<p>Flash cookie \u2013 if the user has Adobe Flash installed on their computer, small files may be stored in that computer\u2019s memory by websites that contain Flash items (such as videos) and may be used for the same purposes as common cookies. When regular cookies are deleted through the functions of browsers, flash cookies are not affected. Thus, a website that uses flash cookies may recognize a user on a new visit, if the data specific to the deleted cookies were also retained in a flash cookie.&nbsp; &nbsp;&nbsp;<\/p>\n\n\n\n<p><strong>8. Security and privacy issues<\/strong><strong><\/strong><\/p>\n\n\n\n<p>Cookies are not viruses. They use plain text formats. They are not made up of pieces of code so they cannot be executed, nor can they auto-run. As a result, they cannot be duplicated or replicated on other networks to run or replicate. Because they cannot perform these functions, they cannot be considered viruses.<br>&nbsp;&nbsp;&nbsp;&nbsp;&nbsp;&nbsp; Cookie-urile pot fi totu\u0219i folosite pentru scopuri negative. Deoarece stocheaz\u0103 informa\u021bii despre preferin\u021bele \u0219i istoricul de navigare al utilizatorilor, at\u00e2t pe un anume site c\u00e2t \u0219i pe mai multe alte siteuri, cookie-urile pot fi folosite ca o form\u0103 de Spyware. Multe produse anti-spyware sunt con\u0219tiente de acest fapt \u0219i \u00een mod constant marcheaz\u0103 cookie-urile pentru a fi \u0219terse \u00een cadrul procedurilor de \u0219tergere\/scanare anti-virus\/anti-spyware.<\/p>\n\n\n\n<p>In general, browsers have integrated privacy settings that provide different levels of acceptance of cookies, validity period and automatic deletion after the user has visited a particular site.<br>Other security issues related to cookies:<br>&nbsp;&nbsp;&nbsp;&nbsp;&nbsp; Because identity protection is very valuable, and represents the right of every internet user, it is advisable to know what possible problems cookies can create. Because through them information is constantly transmitted in both directions between the browser and the website, if an attacker or unauthorized person intervenes during the transmission of data, the information contained in the cookie may be intercepted.<br>De\u0219i foarte rar, acest lucru se poate \u00eent\u00e2mpla daca browserul se conecteaz\u0103 la server folosind o re\u021bea necriptat\u0103 (ex: o retea WiFi nesecurizat\u0103).<\/p>\n\n\n\n<p>&nbsp;&nbsp;&nbsp;&nbsp;&nbsp;&nbsp; Other cookie-based attacks involve incorrect cookie settings on servers. If a website does not require the browser to use only encrypted channels, attackers can use this vulnerability to trick browsers into sending information through unsecured channels. Attackers then use the information in order to gain unauthorized access to certain sites. It is very important to be careful in choosing the most appropriate method of personal information protection.<\/p>\n\n\n\n<p><strong>9. Tips for safe and responsible browsing based on cookies. Third party cookies<\/strong> <strong>Modulele cookie de la ter\u021bi<\/strong><strong><\/strong><\/p>\n\n\n\n<p>Some of our pages display content from external providers, such as YouTube, Facebook and Twitter.<\/p>\n\n\n\n<p>In order to view third-party content, you must first accept their specific terms and conditions \u2013 including their cookie policies, which we cannot control.<\/p>\n\n\n\n<p>But if you do not view that content, no third-party cookies will be installed for you.<br>Due to their flexibility and the fact that the most of the most visited sites, and the largest ones, use cookies, they are almost inevitable. Disabling cookies will not allow user access to the most common and used sites including YouTube, Gmail, Yahoo and others.<br>Here are some tips that can ensure that you navigate worry-free but with the help of cookies:<\/p>\n\n\n\n<ul><li>-Customize your browser settings for cookies that reflect a comfortable level of security for you;<\/li><li>If you do not mind cookies, you are the  only person using the computer, you can set long expiration dates for storing your browsing history and personal access data;<\/li><li>-\tIf you share access to your computer, you can consider setting your browser to clear individual browsing data each time you close your browser. This is a way to access the sites that place cookies and to delete any visit information at the end of the browsing session;<\/li><li>-\tInstall and constantly update your antispyware applications. Many of the spyware detection and prevention applications include site attack detection. This prevents the browser from accessing websites that could exploit browser vulnerabilities or download malicious software.<\/li><li>-Make sure your browser is always up to date. Manu cookie-bases attacks are exploied by exploiting the weaknesses of older versions of browsers.<\/li><\/ul>\n\n\n\n<p>Cookies are everywhere and cannot be avoided if you want to enjoy access to the best and largest sites on the Internet \u2013 local or international. With a clear understanding of how they operate and the benefits they bring, you can take the necessary security measures so that you can surf the internet with confidence.<br>&nbsp;&nbsp;&nbsp;&nbsp; Disabling and refusing to receive cookies can make certain sites impractical or difficult to visit and use. Also, the refusal to accept cookies does not mean that you will no longer receive\/see online advertising.<br>&nbsp;&nbsp;&nbsp;&nbsp;&nbsp; It is possible to set in the browser so that these cookies are no longer accepted or you can set the browser to accept cookies from a specific site. But, for example, if you are not registered using cookies, you will not be able to leave comments.<\/p>\n\n\n\n<p>&nbsp;&nbsp;&nbsp;&nbsp; All modern browsers offer the ability to change cookie settings. These settings are usually found in the \u201coption\u201d or \u201cpreferences\u201d menu of your browser.<br>&nbsp;&nbsp;&nbsp;&nbsp;&nbsp; To understand these settings, the following links may be useful, otherwise you can use the browser\u2019s \u201chelp\u201d option for more details.<br><a href=\"http:\/\/support.microsoft.com\/kb\/196955\">Cookie settings in Internet Explorer<\/a><br><a href=\"https:\/\/support.mozilla.org\/en-US\/kb\/cookies-information-websites-store-on-your-computer?redirectlocale=en-US&amp;redirectslug=Cookies\">Cookie settings in Firefox<\/a><br><a href=\"https:\/\/support.google.com\/chrome\/answer\/95647?hl=en\">Cookie settings in Chrome<\/a><br><a href=\"http:\/\/support.apple.com\/kb\/PH5042\">Cookie settings in Safari<\/a><br>&nbsp;<\/p>\n\n\n\n<p class=\" translation-block\">http:\/\/www.youronlinechoices.com\/ro\/ Pentru a \u0219ti tot ce trebuie despre cookie-uri, inclusiv cum le pute\u021bi sterge de pe calculatorul sau dispozitivul dumneavoastr\u0103, v\u0103 rug\u0103m s\u0103 accesa\u021bi: https:\/\/www.cookiebot.com\/en\/internet-cookies\/<\/p>","protected":false},"excerpt":{"rendered":"<p>\u00cencep\u00e2nd cu intrarea \u00een vigoare a Regulamentului European 2016\/679 privind protec\u021bia \u0219i prelucrarea datelor cu caracter personal \u0219i libera circula\u021bie [&hellip;]<\/p>","protected":false},"author":1,"featured_media":0,"parent":0,"menu_order":0,"comment_status":"closed","ping_status":"closed","template":"template-fullwidth.php","meta":{"_coblocks_attr":"","_coblocks_dimensions":"","_coblocks_responsive_height":"","_coblocks_accordion_ie_support":""},"_links":{"self":[{"href":"https:\/\/ventilatorul.ro\/en\/wp-json\/wp\/v2\/pages\/609"}],"collection":[{"href":"https:\/\/ventilatorul.ro\/en\/wp-json\/wp\/v2\/pages"}],"about":[{"href":"https:\/\/ventilatorul.ro\/en\/wp-json\/wp\/v2\/types\/page"}],"author":[{"embeddable":true,"href":"https:\/\/ventilatorul.ro\/en\/wp-json\/wp\/v2\/users\/1"}],"replies":[{"embeddable":true,"href":"https:\/\/ventilatorul.ro\/en\/wp-json\/wp\/v2\/comments?post=609"}],"version-history":[{"count":3,"href":"https:\/\/ventilatorul.ro\/en\/wp-json\/wp\/v2\/pages\/609\/revisions"}],"predecessor-version":[{"id":1182,"href":"https:\/\/ventilatorul.ro\/en\/wp-json\/wp\/v2\/pages\/609\/revisions\/1182"}],"wp:attachment":[{"href":"https:\/\/ventilatorul.ro\/en\/wp-json\/wp\/v2\/media?parent=609"}],"curies":[{"name":"wp","href":"https:\/\/api.w.org\/{rel}","templated":true}]}}